{"id":18305,"date":"2021-01-01T18:53:25","date_gmt":"2021-01-01T21:53:25","guid":{"rendered":"http:\/\/abral.org.br\/?page_id=18305"},"modified":"2024-08-13T07:36:43","modified_gmt":"2024-08-13T10:36:43","slug":"guiasemanuais","status":"publish","type":"page","link":"https:\/\/abral.nhsinfo.com.br\/en\/guiasemanuais\/","title":{"rendered":"Manual and Guides"},"content":{"rendered":"<h1 style=\"text-align: center;\"><\/h1>\n<h2 style=\"text-align: center;\">ABRAL Manual and Guides<\/h2>\n<ul>\n<li><a href=\"http:\/\/abral.org.br\/wp-content\/uploads\/MANUAL-DE-BOAS-PRATICAS-DE-LICENCIAMENTO.pdf\" target=\"_blank\" rel=\"noopener noreferrer\">Manual de Boas Pr\u00e1ticas de Licenciamento: Cide-Royalties<\/a><\/li>\n<li><a href=\"http:\/\/abral.org.br\/wp-content\/uploads\/Report-ABRAL_mapeamento-de-mercado_final_22.08_V2.pdf\" target=\"_blank\" rel=\"noopener noreferrer\">Mapeamento de Mercado &#8211; 22.08.2017<\/a><\/li>\n<li><a href=\"http:\/\/abral.org.br\/wp-content\/uploads\/abral-manual-do-licenciamento.pdf\" target=\"_blank\" rel=\"noopener noreferrer\">Manual do Licenciamento 2017<\/a><\/li>\n<\/ul>\n<h2 style=\"text-align: center;\">Legal<\/h2>\n<h3>Children\u2019s Advertising<\/h3>\n<ul>\n<li><a href=\"http:\/\/abral.org.br\/wp-content\/uploads\/Comparativo-global-criancas.pdf\">Publicidade e Crian\u00e7a: Comparativo Global da Legisla\u00e7\u00e3o e da Autorregulamenta\u00e7\u00e3o<\/a><\/li>\n<li><a href=\"http:\/\/abral.org.br\/wp-content\/uploads\/Estudo-publicidade-crian\u00e7as.pdf\">Estudo sobre volume de publicidade direcionado a crian\u00e7as na televis\u00e3o aberta e por assinatura<\/a><\/li>\n<\/ul>\n<h3 class=\"trigger active\">Piracy Seminar<\/h3>\n<div class=\"toggle_container \">\n<ul>\n<li><a href=\"http:\/\/abral.org.br\/wp-content\/uploads\/Apresenta%C3%A7%C3%A3o_ABRAL_06.07.2013.pdf\">Apresenta\u00e7\u00e3o_ABRAL<\/a><\/li>\n<li><a href=\"http:\/\/abral.org.br\/wp-content\/uploads\/Apresenta%C3%A7%C3%A3o-Semin%C3%A1rio-SCA-06.08.13.pdf\">Apresenta\u00e7\u00e3o Semin\u00e1rio SCA<\/a><\/li>\n<li><a href=\"http:\/\/abral.org.br\/wp-content\/uploads\/FNCP-APRESENTA%C3%87%C3%83O-ABRAL.pdf\">FNCP \u2013 APRESENTA\u00c7\u00c3O ABRAL<\/a><\/li>\n<\/ul>\n<h3>CIDE\/SISCOSERV Seminar<\/h3>\n<div class=\"toggle_container \">\n<ul>\n<li><a href=\"http:\/\/abral.org.br\/wp-content\/uploads\/ABRAL-FORUM-M%C3%81RCIO.pdf\">ABRAL \u2013 FORUM \u2013 M\u00c1RCIO<\/a><\/li>\n<li><a href=\"http:\/\/abral.org.br\/wp-content\/uploads\/Relat%C3%B3rio-e-Voto-HC-STJ.pdf\">Relat\u00f3rio e Voto HC \u2013 STJ<\/a><\/li>\n<li><a href=\"http:\/\/abral.org.br\/wp-content\/uploads\/Semin%C3%A1rio-Dr.-Daniel-Mariz-Gudi%C3%B1o.pdf\">Semin\u00e1rio \u2013 Dr. Daniel Mariz Gudi\u00f1o<\/a><\/li>\n<li><a href=\"http:\/\/abral.org.br\/wp-content\/uploads\/Semin%C3%A1rio-Dr.-Eduardo-E.-de-Lima.pdf\">Semin\u00e1rio \u2013 Dr. Eduardo E. de Lima<\/a><\/li>\n<li><a href=\"http:\/\/abral.org.br\/wp-content\/uploads\/Semin%C3%A1rio-Dr.-Jos%C3%A9-H.-Werner.pdf\">Semin\u00e1rio \u2013 Dr. Jos\u00e9 H. Werner<\/a><\/li>\n<li><a href=\"http:\/\/abral.org.br\/wp-content\/uploads\/Semin%C3%A1rio-Dr.-Jorge-H.-Zaninetti.pdf\">Semin\u00e1rio \u2013 Dr. Jorge H. Zaninetti<\/a><\/li>\n<li><a href=\"http:\/\/abral.org.br\/wp-content\/uploads\/STJ-juris.pdf\">STJ \u2013 juris<\/a><\/li>\n<li><a href=\"http:\/\/abral.org.br\/wp-content\/uploads\/Trechos-de-Jurisprud%C3%AAncia-Direito-Autoral.pdf\">Trechos de Jurisprud\u00eancia \u2013 Direito Autoral<\/a><\/li>\n<li><a href=\"http:\/\/abral.org.br\/wp-content\/uploads\/Cide-e-Siscoserv.docx\">Cide e Siscoserv<\/a><\/li>\n<\/ul>\n<h2 style=\"text-align: center;\">Events presentation<\/h2>\n<div class=\"toggle toggle-white\">\n<ul>\n<li class=\"trigger active\"><a href=\"http:\/\/abral.org.br\/wp-content\/uploads\/fundamentos-do-licenciamento-2108.pptx\">Apresenta\u00e7\u00e3o do Curso de Introdu\u00e7\u00e3o ao Licenciamento \u2013 Marcus Macedo \u2013 23.03.2018<\/a><\/li>\n<li class=\"toggle_container \"><a href=\"http:\/\/abral.org.br\/wp-content\/uploads\/Aspectos-Legais-e-Financeiros-do-Licenciamento-dr.-Marcio-Gon%C3%A7alves-27.06.2017.pdf\">Aspectos Legais e Financeiros do Licenciamento \u2013 Dr. Marcio Gon\u00e7alves \u2013 27.06.2017<\/a><\/li>\n<li><a href=\"http:\/\/abral.org.br\/wp-content\/uploads\/Semin%C3%A1rio-Abral-Como-preparar-sua-marca-para-licenciamento.pdf\">Semin\u00e1rio Abral \u2013 Como preparar sua marca para licenciamento \u2013 Marcus Macedo \u2013 18.07.2017<\/a><\/li>\n<li><a href=\"http:\/\/abral.org.br\/wp-content\/uploads\/Semin%C3%A1rio-Abral-GM-Case.pdf\">Semin\u00e1rio Abral \u2013 GM Case \u2013 18.07.2017<\/a><\/li>\n<li><a href=\"http:\/\/abral.org.br\/wp-content\/uploads\/CONTRATOS-E-TRIBUTOS-NO-LICENCIAMENTO-15-08-2017.pdf\">CONTRATOS E TRIBUTOS NO LICENCIAMENTO \u2013 15-08-2017<\/a><\/li>\n<\/ul>\n<div class=\"toggle_container \">\n<div class=\"toggle_container \">\n<div class=\"toggle_container \">\n<div class=\"toggle_container \">\n<h3 class=\"trigger active\"><strong>Children\u2019s Advertising Seminar \u2013 04\/11\/2018<\/strong><\/h3>\n<div class=\"toggle_container \">\n<ul>\n<li><a href=\"http:\/\/abral.org.br\/wp-content\/uploads\/Vanessa-Vilar-Unilever-ABA.pdf\">Vanessa Vilar, Unilever &#038; ABA<\/a><\/li>\n<li><a href=\"http:\/\/abral.org.br\/wp-content\/uploads\/Marco-Sabino-Mannrich-Vasconcelos-CONAR.pdf\">Marco Sabino \u2013 Mannrich Vasconcelos &#038; CONAR<\/a><\/li>\n<li><a href=\"http:\/\/abral.org.br\/wp-content\/uploads\/Aires-Fernandes-Brinquedos-Estrela.pdf\">Aires Fernandes \u2013 Brinquedos Estrela<\/a><\/li>\n<\/ul>\n<\/div>\n<\/div>\n<\/div>\n<\/div>\n<\/div>\n<\/div>\n<\/div>\n<\/div>\n","protected":false},"excerpt":{"rendered":"<p>ABRAL Manual and Guides Manual de Boas Pr\u00e1ticas de Licenciamento: Cide-Royalties Mapeamento de Mercado &#8211; 22.08.2017 Manual do Licenciamento 2017 Legal Children\u2019s Advertising Publicidade e Crian\u00e7a: Comparativo Global da Legisla\u00e7\u00e3o e da Autorregulamenta\u00e7\u00e3o Estudo sobre volume de publicidade direcionado a crian\u00e7as na televis\u00e3o aberta e por assinatura Piracy Seminar Apresenta\u00e7\u00e3o_ABRAL Apresenta\u00e7\u00e3o Semin\u00e1rio SCA FNCP \u2013 [&hellip;]<\/p>\n","protected":false},"author":3,"featured_media":0,"parent":0,"menu_order":0,"comment_status":"closed","ping_status":"closed","template":"","meta":{"_monsterinsights_skip_tracking":false,"_monsterinsights_sitenote_active":false,"_monsterinsights_sitenote_note":"","_monsterinsights_sitenote_category":0,"ocean_post_layout":"","ocean_both_sidebars_style":"","ocean_both_sidebars_content_width":0,"ocean_both_sidebars_sidebars_width":0,"ocean_sidebar":"0","ocean_second_sidebar":"0","ocean_disable_margins":"enable","ocean_add_body_class":"","ocean_shortcode_before_top_bar":"","ocean_shortcode_after_top_bar":"","ocean_shortcode_before_header":"","ocean_shortcode_after_header":"","ocean_has_shortcode":"","ocean_shortcode_after_title":"","ocean_shortcode_before_footer_widgets":"","ocean_shortcode_after_footer_widgets":"","ocean_shortcode_before_footer_bottom":"","ocean_shortcode_after_footer_bottom":"","ocean_display_top_bar":"default","ocean_display_header":"default","ocean_header_style":"","ocean_center_header_left_menu":"0","ocean_custom_header_template":"0","ocean_custom_logo":0,"ocean_custom_retina_logo":0,"ocean_custom_logo_max_width":0,"ocean_custom_logo_tablet_max_width":0,"ocean_custom_logo_mobile_max_width":0,"ocean_custom_logo_max_height":0,"ocean_custom_logo_tablet_max_height":0,"ocean_custom_logo_mobile_max_height":0,"ocean_header_custom_menu":"0","ocean_menu_typo_font_family":"0","ocean_menu_typo_font_subset":"","ocean_menu_typo_font_size":0,"ocean_menu_typo_font_size_tablet":0,"ocean_menu_typo_font_size_mobile":0,"ocean_menu_typo_font_size_unit":"px","ocean_menu_typo_font_weight":"","ocean_menu_typo_font_weight_tablet":"","ocean_menu_typo_font_weight_mobile":"","ocean_menu_typo_transform":"","ocean_menu_typo_transform_tablet":"","ocean_menu_typo_transform_mobile":"","ocean_menu_typo_line_height":0,"ocean_menu_typo_line_height_tablet":0,"ocean_menu_typo_line_height_mobile":0,"ocean_menu_typo_line_height_unit":"","ocean_menu_typo_spacing":0,"ocean_menu_typo_spacing_tablet":0,"ocean_menu_typo_spacing_mobile":0,"ocean_menu_typo_spacing_unit":"","ocean_menu_link_color":"","ocean_menu_link_color_hover":"","ocean_menu_link_color_active":"","ocean_menu_link_background":"","ocean_menu_link_hover_background":"","ocean_menu_link_active_background":"","ocean_menu_social_links_bg":"","ocean_menu_social_hover_links_bg":"","ocean_menu_social_links_color":"","ocean_menu_social_hover_links_color":"","ocean_disable_title":"default","ocean_disable_heading":"default","ocean_post_title":"","ocean_post_subheading":"","ocean_post_title_style":"","ocean_post_title_background_color":"","ocean_post_title_background":0,"ocean_post_title_bg_image_position":"","ocean_post_title_bg_image_attachment":"","ocean_post_title_bg_image_repeat":"","ocean_post_title_bg_image_size":"","ocean_post_title_height":0,"ocean_post_title_bg_overlay":0.5,"ocean_post_title_bg_overlay_color":"","ocean_disable_breadcrumbs":"default","ocean_breadcrumbs_color":"","ocean_breadcrumbs_separator_color":"","ocean_breadcrumbs_links_color":"","ocean_breadcrumbs_links_hover_color":"","ocean_display_footer_widgets":"default","ocean_display_footer_bottom":"default","ocean_custom_footer_template":"0","footnotes":""},"class_list":["post-18305","page","type-page","status-publish","hentry","entry"],"aioseo_notices":[],"_links":{"self":[{"href":"https:\/\/abral.nhsinfo.com.br\/en\/wp-json\/wp\/v2\/pages\/18305","targetHints":{"allow":["GET"]}}],"collection":[{"href":"https:\/\/abral.nhsinfo.com.br\/en\/wp-json\/wp\/v2\/pages"}],"about":[{"href":"https:\/\/abral.nhsinfo.com.br\/en\/wp-json\/wp\/v2\/types\/page"}],"author":[{"embeddable":true,"href":"https:\/\/abral.nhsinfo.com.br\/en\/wp-json\/wp\/v2\/users\/3"}],"replies":[{"embeddable":true,"href":"https:\/\/abral.nhsinfo.com.br\/en\/wp-json\/wp\/v2\/comments?post=18305"}],"version-history":[{"count":15,"href":"https:\/\/abral.nhsinfo.com.br\/en\/wp-json\/wp\/v2\/pages\/18305\/revisions"}],"predecessor-version":[{"id":48431,"href":"https:\/\/abral.nhsinfo.com.br\/en\/wp-json\/wp\/v2\/pages\/18305\/revisions\/48431"}],"wp:attachment":[{"href":"https:\/\/abral.nhsinfo.com.br\/en\/wp-json\/wp\/v2\/media?parent=18305"}],"curies":[{"name":"wp","href":"https:\/\/api.w.org\/{rel}","templated":true}]}}