{"id":19941,"date":"2021-01-01T12:02:46","date_gmt":"2021-01-01T15:02:46","guid":{"rendered":"http:\/\/abral.org.br\/?page_id=19941"},"modified":"2021-12-16T21:09:14","modified_gmt":"2021-12-17T00:09:14","slug":"licenciados","status":"publish","type":"page","link":"https:\/\/abral.nhsinfo.com.br\/en\/licenciados\/","title":{"rendered":"Licenciados"},"content":{"rendered":"<div class=\"wpb-content-wrapper\"><p>[vc_row][vc_column][vc_column_text]<\/p>\n<h1 style=\"text-align: center;\">LICENCIADOS<\/h1>\n<p>[\/vc_column_text][vc_column_text]<div class=\"pt-cv-wrapper\"><ul class=\"pt-cv-gls-menu\" id=\"pt-cv-gls-00b3261w5g\"><li><a href=\"#pt-cv-gls-Todos\" class=\"pt-active\">Todos<\/a><\/li><li><a href=\"#pt-cv-gls-A\" >A<\/a><\/li><li><a href=\"#pt-cv-gls-C\" >C<\/a><\/li><li><a href=\"#pt-cv-gls-D\" >D<\/a><\/li><li><a href=\"#pt-cv-gls-F\" >F<\/a><\/li><li><a href=\"#pt-cv-gls-G\" >G<\/a><\/li><li><a href=\"#pt-cv-gls-I\" >I<\/a><\/li><li><a href=\"#pt-cv-gls-J\" >J<\/a><\/li><li><a href=\"#pt-cv-gls-L\" >L<\/a><\/li><li><a href=\"#pt-cv-gls-N\" >N<\/a><\/li><li><a href=\"#pt-cv-gls-P\" >P<\/a><\/li><li><a href=\"#pt-cv-gls-R\" >R<\/a><\/li><li><a href=\"#pt-cv-gls-S\" >S<\/a><\/li><li><a href=\"#pt-cv-gls-T\" >T<\/a><\/li><li><a href=\"#pt-cv-gls-X\" >X<\/a><\/li><li><a href=\"#pt-cv-gls-Z\" >Z<\/a><\/li><\/ul><div class=\"cvp-live-filter cvp-search-box \" id=\"\" data-name=\"_search\" data-sid=\"00b3261w5g\"><label class=\"cvp-label\">Pesquisa r\u00e1pida<\/label><input type=\"text\" name=\"_search\" value=\"\" data-nosubmit=\"true\" placeholder=\"\"\/><\/div><div class=\"pt-cv-view pt-cv-glossary pt-cv-colsys\" id=\"pt-cv-view-00b3261w5g\"><div data-id=\"pt-cv-page-1\" class=\"pt-cv-page\" data-cvc=\"1\"><div id=\"pt-cv-gls-A\" class=\"pt-cv-gls-group\"><div class=\"pt-cv-gls-header\">A<\/div><div class=\"pt-cv-gls-content\"><div class=\"col-md-12 col-sm-12 col-xs-12 pt-cv-content-item pt-cv-1-col\"  data-pid=\"0\"><div class='pt-cv-ifield'><h4 class=\"pt-cv-title\"><a href=\"\" class=\"pt-cv-none cvplbd\" target=\"pt-cv-none\" rel=\"nofollow\">ACCO BRANDS BRASIL LTDA.<\/a><\/h4>\n<div class=\"pt-cv-content\"><p><strong>Acco Brands Brasil Ltda &#8211; Tilibra<\/strong><\/p>\n<p>Rua Aimor\u00e9s, 6-9 \u2013 Vila Ant\u00e1rtica<br \/>\n17013-900 \u2013 Bauru, SP<br \/>\nFone: (14) 3235-4043<br \/>\nRepresentante: Karina Marchini \u2013 Diretora de Marketing<br \/>\nE-mail: <a href=\"karina.marchini@acco.com\">karina.marchini@acco.com<\/a><br \/>\nSite: <a href=\"http:\/\/www.tilibra.com.br\">www.tilibra.com.br<\/a><\/p>\n<p><strong>Acco Brands Brasil Ltda &#8211; Foroni<\/strong><\/p>\n<p>Av. Henry Ford, 2001 \u2013 Vila Prudente<br \/>\n03109-001 \u2013 S\u00e3o Paulo, SP<br \/>\nFone: (11) 2388-2016<br \/>\nRepresentante: Renata Endo \u2013 Gerente de Marketing<br \/>\nE-mail: <a href=\"renata.endo@acco.com\">renata.endo@acco.com<\/a><br \/>\nSite: <a href=\"http:\/\/www.foroni.com.br\">www.foroni.com.br<\/a><\/p>\n<\/div><\/div><\/div><div class=\"col-md-12 col-sm-12 col-xs-12 pt-cv-content-item pt-cv-1-col\"  data-pid=\"1\"><div class='pt-cv-ifield'><h4 class=\"pt-cv-title\"><a href=\"\" class=\"pt-cv-none cvplbd\" target=\"pt-cv-none\" rel=\"nofollow\">ALPARGATAS S.A.<\/a><\/h4>\n<div class=\"pt-cv-content\"><p>Avenida das Na\u00e7\u00f5es Unidas, 14.261 &#8211; conj. 1001a &#8211; Ala A1 &#8211; Vila Gertrudes<br \/>\n04794-000 \u2013 S\u00e3o Paulo, SP<br \/>\nFone: (11) 3847-7322<br \/>\nSite: <a href=\"http:\/\/www.alpargatas.com.br\">www.alpargatas.com.br<\/a><\/p>\n<\/div><\/div><\/div><div class=\"col-md-12 col-sm-12 col-xs-12 pt-cv-content-item pt-cv-1-col\"  data-pid=\"2\"><div class='pt-cv-ifield'><h4 class=\"pt-cv-title\"><a href=\"\" class=\"pt-cv-none cvplbd\" target=\"pt-cv-none\" rel=\"nofollow\">ANIMATIVA<\/a><\/h4>\n<div class=\"pt-cv-content\"><p>Av. Miguel Est\u00e9fano, 354 \u2013 Vila Paulista<br \/>\n15803-095 \u2013 Catanduva, SP<br \/>\nFone: (17) 3524-9000<br \/>\nRepresentante: Cristina Meira (Produto e Licenciamento)<br \/>\nE-mail: <a href=\"cristina.meira@animativa.com\">cristina.meira@animativa.com<\/a><br \/>\nSite: <a href=\"http:\/\/www.animativa.com.br\">www.animativa.com.br<\/a><\/p>\n<\/div><\/div><\/div><\/div><\/div>\n<div id=\"pt-cv-gls-C\" class=\"pt-cv-gls-group\"><div class=\"pt-cv-gls-header\">C<\/div><div class=\"pt-cv-gls-content\"><div class=\"col-md-12 col-sm-12 col-xs-12 pt-cv-content-item pt-cv-1-col\"  data-pid=\"0\"><div class='pt-cv-ifield'><h4 class=\"pt-cv-title\"><a href=\"\" class=\"pt-cv-none cvplbd\" target=\"pt-cv-none\" rel=\"nofollow\">CIRANDA CULTURAL EDITORA E DISTRIBUIDORA LTDA<\/a><\/h4>\n<div class=\"pt-cv-content\"><p>Rua Jos\u00e9 Albino Pereira, 54 &#8211; Galp\u00e3o 01 &#8211; Jardim Alvorada<br \/>\n06612-001 \u2013 Jandira, SP<br \/>\nFone: (11) 3761-9500<br \/>\nRepresentante: Ligia Evangelista (Coordenadora de Licenciamento) \/ Ingrid Calder\u00e3o (Gerente de Marketing)<br \/>\nE-mail: <a href=\"ligia.evangelista@cirandacultural.com.br\">ligia.evangelista@cirandacultural.com.br\u00a0 \u00a0 \u00a0 \u00a0ingrid<\/a><a href=\"ligia.evangelista@cirandacultural.com.br\">.calderao@cirandacultural.com.br<\/a><br \/>\nSite: <a href=\"http:\/\/www.sunnybrinquedos.com.br\">www.cirandacultural.com.br<\/a><br \/>\nLicenciado \/ Editora de Livros<\/p>\n<\/div><\/div><\/div><div class=\"col-md-12 col-sm-12 col-xs-12 pt-cv-content-item pt-cv-1-col\"  data-pid=\"1\"><div class='pt-cv-ifield'><h4 class=\"pt-cv-title\"><a href=\"\" class=\"pt-cv-none cvplbd\" target=\"pt-cv-none\" rel=\"nofollow\">COPAG DA AMAZ\u00d4NIA S.A.<\/a><\/h4>\n<div class=\"pt-cv-content\"><p>Av. Eng. Lu\u00eds Carlos Berrini, 1645 \u2013 3\u00ba andar \u2013 Brooklin<br \/>\n04571-011 \u2013 S\u00e3o Paulo, SP<br \/>\nFone: (11) 2164-3650\/ 3180<br \/>\nRepresentante: Mariana Dall\u00b4Acqua \u2013 Diretora de Marketing<br \/>\nE-mail: <a href=\"mailto:%20mariana@copag.com.br\">mariana@copag.com.br<\/a><br \/>\nSite: <a href=\"http:\/\/www.copag.com.br\">www.copag.com.br<\/a><\/p>\n<\/div><\/div><\/div><\/div><\/div>\n<div id=\"pt-cv-gls-D\" class=\"pt-cv-gls-group\"><div class=\"pt-cv-gls-header\">D<\/div><div class=\"pt-cv-gls-content\"><div class=\"col-md-12 col-sm-12 col-xs-12 pt-cv-content-item pt-cv-1-col\"  data-pid=\"0\"><div class='pt-cv-ifield'><h4 class=\"pt-cv-title\"><a href=\"\" class=\"pt-cv-none cvplbd\" target=\"pt-cv-none\" rel=\"nofollow\">DAC \/ SOCIEDADE INDUSTRIAL DE PL\u00c1STICOS DAC LTDA.<\/a><\/h4>\n<div class=\"pt-cv-content\"><p>Avenida Martins J\u00fanior, 1.605 &#8211; Bela Vista<br \/>\n07141-000 \u2013 Guarulhos, SP<br \/>\nFone: (11) 2400-9000<br \/>\nRepresentante: Michelle Cirera \u2013 Gerente de Produto<br \/>\nE-mail: <a href=\"michelle@dac.com.br\">michelle@dac.com.br<\/a><br \/>\nSite: <a href=\"http:\/\/www.dac.com.br\">www.dac.com.br<\/a><\/p>\n<\/div><\/div><\/div><\/div><\/div>\n<div id=\"pt-cv-gls-F\" class=\"pt-cv-gls-group\"><div class=\"pt-cv-gls-header\">F<\/div><div class=\"pt-cv-gls-content\"><div class=\"col-md-12 col-sm-12 col-xs-12 pt-cv-content-item pt-cv-1-col\"  data-pid=\"0\"><div class='pt-cv-ifield'><h4 class=\"pt-cv-title\"><a href=\"\" class=\"pt-cv-none cvplbd\" target=\"pt-cv-none\" rel=\"nofollow\">FESTCOLOR ARTIGOS PARA FESTAS LTDA.<\/a><\/h4>\n<div class=\"pt-cv-content\"><p>Av. Benedito Camargo Eug\u00eanio, 35 \u2013 Distrito Industrial Pessegueiros \u2013 Rodovia Fern\u00e3o Dias, Km 936 \u2013 sentido S\u00e3o Paulo \u2013 SP<br \/>\n37640-000 \u2013 Extrema, MG<br \/>\nFone: (35) 3100-1100 (11) 4040-4221<br \/>\nRepresentante: Vagner de Jesus Pinto \u2013 Diretor Geral<br \/>\nE-mail: vagner.jesus@festcolor.com.br \u2013 Site: <a href=\"http:\/\/www.festcolor.com.br%20\">www.festcolor.com.br<\/a><\/p>\n<\/div><\/div><\/div><\/div><\/div>\n<div id=\"pt-cv-gls-G\" class=\"pt-cv-gls-group\"><div class=\"pt-cv-gls-header\">G<\/div><div class=\"pt-cv-gls-content\"><div class=\"col-md-12 col-sm-12 col-xs-12 pt-cv-content-item pt-cv-1-col\"  data-pid=\"0\"><div class='pt-cv-ifield'><h4 class=\"pt-cv-title\"><a href=\"\" class=\"pt-cv-none cvplbd\" target=\"pt-cv-none\" rel=\"nofollow\">GRENDENE S.A.<\/a><\/h4>\n<div class=\"pt-cv-content\"><p>Av. Pedro Grendene, 131 \u2013 Volta Grande<br \/>\n95180-052 \u2013Farroupilha, RS<br \/>\nFone: (054) 2109-9000<br \/>\nRepresentante: Fernando Pintos Borges (Gerente de Marca e Comunica\u00e7\u00e3o Grendene Kids)<br \/>\nE-mail: <a href=\"fernando@grendene.com.br\">fernando@grendene.com.br<\/a><br \/>\nSite: <a href=\"http:\/\/www.grendene.com.br%20\">www.grendene.com.br<\/a><\/p>\n<\/div><\/div><\/div><div class=\"col-md-12 col-sm-12 col-xs-12 pt-cv-content-item pt-cv-1-col\"  data-pid=\"1\"><div class='pt-cv-ifield'><h4 class=\"pt-cv-title\"><a href=\"\" class=\"pt-cv-none cvplbd\" target=\"pt-cv-none\" rel=\"nofollow\">GRUPO LEONORA \/ LEONORA COM\u00c9RCIO INTERNACIONAL LTDA.<\/a><\/h4>\n<div class=\"pt-cv-content\"><p>Av. Pedra Branca, 184 &#8211; Pedra Branca<br \/>\n88137-270 \u2013 Palho\u00e7a, SC<br \/>\nFone: (14) 98808-6079<br \/>\nRepresentante: Bruno Astolfi &#8211; Gerente Geral de Marca e Produto<br \/>\nE-mail: <a href=\"bruno.astolfi@grupoleonora.com.br\">bruno.astolfi@grupoleonora.com.br<\/a><br \/>\nSite: <a href=\"http:\/\/www.grupoleonora.com.br\">www.grupoleonora.com.br<\/a><br \/>\nDistribuidor, Importador, Licenciado<\/p>\n<\/div><\/div><\/div><\/div><\/div>\n<div id=\"pt-cv-gls-I\" class=\"pt-cv-gls-group\"><div class=\"pt-cv-gls-header\">I<\/div><div class=\"pt-cv-gls-content\"><div class=\"col-md-12 col-sm-12 col-xs-12 pt-cv-content-item pt-cv-1-col\"  data-pid=\"0\"><div class='pt-cv-ifield'><h4 class=\"pt-cv-title\"><a href=\"\" class=\"pt-cv-none cvplbd\" target=\"pt-cv-none\" rel=\"nofollow\">IBC \u2013 INSTITUTO BRASILEIRO DE CULTURA LTDA. \/ EDITORA ON LINE<\/a><\/h4>\n<div class=\"pt-cv-content\"><p>Avenida Jurua, 762 &#8211; Alphaville Industrial<br \/>\n06455-010 \u2013 Barueri, SP<br \/>\nFone: (011) 3393-7777 Fax: (011) 3393-7732<br \/>\nRepresentante: Paulo Houch (Presidente)<br \/>\nE-mail: <a href=\"mailto:%20paulohouch@editoraonline.com.br\">paulohouch@editoraonline.com.br<\/a><br \/>\nSite: <a href=\"http:\/\/www.editoraonline.com.br\">www.editoraonline.com.br<\/a><\/p>\n<\/div><\/div><\/div><\/div><\/div>\n<div id=\"pt-cv-gls-J\" class=\"pt-cv-gls-group\"><div class=\"pt-cv-gls-header\">J<\/div><div class=\"pt-cv-gls-content\"><div class=\"col-md-12 col-sm-12 col-xs-12 pt-cv-content-item pt-cv-1-col\"  data-pid=\"0\"><div class='pt-cv-ifield'><h4 class=\"pt-cv-title\"><a href=\"\" class=\"pt-cv-none cvplbd\" target=\"pt-cv-none\" rel=\"nofollow\">JANDAIA \u2013 BIGNARDI IND\u00daSTRIA E COM\u00c9RCIO DE PAP\u00c9IS E ARTEFATOS LTDA.<\/a><\/h4>\n<div class=\"pt-cv-content\"><p>Rod. Pres. Tancredo de Almeida Neves, Km 38,5 \u2013 Jardim Vera Tereza<br \/>\n07700-000 \u2013 Caieiras, SP<br \/>\nFone: (011) 4442-8300<br \/>\nRepresentante: Ivan Duckur Bignardi (Diretor de Marketing)<br \/>\nE-mail: <a href=\"mailto:%20ivan.bignardi@bignardi.com.br\">ivan.bignardi@bignardi.com.br<\/a><br \/>\nSite: <a href=\"http:\/\/www.cadernosjandaia.com.br\/consumidor\/\">www.cadernosjandaia.com.br\/consumidor\/<\/a><\/p>\n<\/div><\/div><\/div><\/div><\/div>\n<div id=\"pt-cv-gls-L\" class=\"pt-cv-gls-group\"><div class=\"pt-cv-gls-header\">L<\/div><div class=\"pt-cv-gls-content\"><div class=\"col-md-12 col-sm-12 col-xs-12 pt-cv-content-item pt-cv-1-col\"  data-pid=\"0\"><div class='pt-cv-ifield'><h4 class=\"pt-cv-title\"><a href=\"\" class=\"pt-cv-none cvplbd\" target=\"pt-cv-none\" rel=\"nofollow\">LUXCEL \/ MAXLOG IMP. EXP. LTDA.<\/a><\/h4>\n<div class=\"pt-cv-content\"><p>Rua Soriano de Sousa, 189 \u2013 15 andar \u2013 Tatuap\u00e9<br \/>\n03066-020 \u2013 S\u00e3o Paulo, SP<br \/>\nFone\/Fax: (11) 2191-2999<br \/>\nRepresentante: Fabio Fernandes \u2013 Produto &#038; Marketing<br \/>\nE-mail: <a href=\"fabio@luxcel.com.br\">fabio@luxcel.com.br<\/a><br \/>\nSite: <a href=\"http:\/\/www.luxcel.com.br\">www.luxcel.com.br<\/a><\/p>\n<\/div><\/div><\/div><\/div><\/div>\n<div id=\"pt-cv-gls-N\" class=\"pt-cv-gls-group\"><div class=\"pt-cv-gls-header\">N<\/div><div class=\"pt-cv-gls-content\"><div class=\"col-md-12 col-sm-12 col-xs-12 pt-cv-content-item pt-cv-1-col\"  data-pid=\"0\"><div class='pt-cv-ifield'><h4 class=\"pt-cv-title\"><a href=\"\" class=\"pt-cv-none cvplbd\" target=\"pt-cv-none\" rel=\"nofollow\">NOVABRINK IND\u00daSTRIA DE PL\u00c1STICOS LTDA. (BABY BRINK \/ ROSITA)<\/a><\/h4>\n<div class=\"pt-cv-content\"><p>Avenida Santo Amaro de Ipitanga, 1000 &#8211; Vida Nova<br \/>\n42717-000 \u2013 Lauro de Freitas, BA<br \/>\nFone: (71) 2106-3000<br \/>\nRepresentante: Germano Giorgio Brandino &#8211; Diretor de Marketing<br \/>\nE-mail: <a href=\"germano.brandino@novabrink.com.br\"><u>germano.brandino@novabrink.com.br\u00a0<\/u><\/a><br \/>\nSite: <a href=\"http:\/\/www.novabrink.com.br\">www.novabrink.com.br<\/a><\/p>\n<\/div><\/div><\/div><\/div><\/div>\n<div id=\"pt-cv-gls-P\" class=\"pt-cv-gls-group\"><div class=\"pt-cv-gls-header\">P<\/div><div class=\"pt-cv-gls-content\"><div class=\"col-md-12 col-sm-12 col-xs-12 pt-cv-content-item pt-cv-1-col\"  data-pid=\"0\"><div class='pt-cv-ifield'><h4 class=\"pt-cv-title\"><a href=\"\" class=\"pt-cv-none cvplbd\" target=\"pt-cv-none\" rel=\"nofollow\">PANINI BRASIL LTDA.<\/a><\/h4>\n<div class=\"pt-cv-content\"><p>Alameda Caiap\u00f3s, 425 \u2013 Tambor\u00e9<br \/>\n06460-110 \u2013 Barueri, SP<br \/>\nFone: (11) 4133-0172 Cel. (11) 99950-1727<br \/>\nFax: (11) 4195-9705<br \/>\nRepresentante: Ivam Ataide Faria<br \/>\nE-mail: <a href=\"ivamfaria@panini.com.br\">ivamfaria@panini.com.br<\/a><br \/>\nSite: <a href=\"http:\/\/www.panini.com.br\">www.panini.com.br<\/a><\/p>\n<\/div><\/div><\/div><div class=\"col-md-12 col-sm-12 col-xs-12 pt-cv-content-item pt-cv-1-col\"  data-pid=\"1\"><div class='pt-cv-ifield'><h4 class=\"pt-cv-title\"><a href=\"\" class=\"pt-cv-none cvplbd\" target=\"pt-cv-none\" rel=\"nofollow\">PLAS\u00daTIL IND E COM DE PL\u00c1STICOS LTDA.<\/a><\/h4>\n<div class=\"pt-cv-content\"><p>Rua Jos\u00e9 Pinheiro de G\u00f3es, 4-35<br \/>\n17034-350\u2013 Bauru, SP<br \/>\nFone: (14) 4009-4844 \/ Cel. (14) 98118-9474<br \/>\nRepresentante: Edson Begnami \u2013 Diretor Comercial<br \/>\nE-mail: <a href=\"edson.comercial@plasutil.com.br\">edson.comercial@plasutil.com.br<\/a><br \/>\n<a href=\"mailto:%20licenciados@plasduran.com.br%20\">Site:<\/a><a href=\"https:\/\/abral.org.br\/licenciados\/www.plasutil.com.br\">www.plasutil.com.br<\/a><\/p>\n<\/div><\/div><\/div><\/div><\/div>\n<div id=\"pt-cv-gls-R\" class=\"pt-cv-gls-group\"><div class=\"pt-cv-gls-header\">R<\/div><div class=\"pt-cv-gls-content\"><div class=\"col-md-12 col-sm-12 col-xs-12 pt-cv-content-item pt-cv-1-col\"  data-pid=\"0\"><div class='pt-cv-ifield'><h4 class=\"pt-cv-title\"><a href=\"\" class=\"pt-cv-none cvplbd\" target=\"pt-cv-none\" rel=\"nofollow\">REGINA FESTAS<\/a><\/h4>\n<div class=\"pt-cv-content\"><p>Avenida Joaquim Constantino, 3.025 &#8211; Jardim Alto da Boa Vista<br \/>\n19053-300 \u2013 Presidente Prudente, SP<br \/>\nFone: (18) 3229-5041 \/ (18) 99734-6749<br \/>\nRepresentante: Tatiane Zaqui (Gerente de Produto) \/ Marcelo Regueiro Lorenconi<br \/>\nE-mail: <a href=\"tatianezaqui@reginafestas.com.br\"><u>tatianezaqui@reginafestas.com.br<\/u><\/a><br \/>\nSite: <a href=\"http:\/\/www.nutriex.com.br\">www.reginafestas.com.br<\/a><\/p>\n<\/div><\/div><\/div><div class=\"col-md-12 col-sm-12 col-xs-12 pt-cv-content-item pt-cv-1-col\"  data-pid=\"1\"><div class='pt-cv-ifield'><h4 class=\"pt-cv-title\"><a href=\"\" class=\"pt-cv-none cvplbd\" target=\"pt-cv-none\" rel=\"nofollow\">RI HAPPY BRINQUEDOS S.A.<\/a><\/h4>\n<div class=\"pt-cv-content\"><p>Av. Engenheiro Luis Carlos Berrini, 105 \u2013 Edif\u00edcio Thera Corporate \u2013 16 andar &#8211; Conjuntos 161 e 162, Sala 01<br \/>\n04571-010 \u2013 S\u00e3o Paulo, SP<br \/>\nFone: (011) 2117-8059<br \/>\nRepresentante: Sandra Haddad<br \/>\nE-mail: <a href=\"patricia.hegyese@gruporihappy.com.br\">patricia.hegyese@gruporihappy.com.br<\/a><br \/>\nSite: <a href=\"http:\/\/www.rihappy.com.br\">www.rihappy.com.br<\/a><\/p>\n<\/div><\/div><\/div><div class=\"col-md-12 col-sm-12 col-xs-12 pt-cv-content-item pt-cv-1-col\"  data-pid=\"2\"><div class='pt-cv-ifield'><h4 class=\"pt-cv-title\"><a href=\"\" class=\"pt-cv-none cvplbd\" target=\"pt-cv-none\" rel=\"nofollow\">RICLAN S.A.<\/a><\/h4>\n<div class=\"pt-cv-content\"><p>Av. Presidente Kennedy, 754 \u2013 Bairro Est\u00e1dio<br \/>\n13501-900 \u2013 Rio Claro, SP<br \/>\nFone: (019) 3526-8100 \/ 8160<br \/>\nRepresentante: Marina Schraider \/ Ivan Schraider \/ Fabio Delalibera<br \/>\nE-mail: <a href=\"mailto:%20marina.schraider@riclan.com.br\">marina.schraider@riclan.com.br<\/a>\u00a0\/ <a href=\"http:\/\/ivan.schraider@riclan.com.br\">ivan.schraider@riclan.com.br<\/a> \/ <a href=\"http:\/\/fabio.delalibera@riclan.com.br%20\">fabio.delalibera@riclan.com.br\u00a0<\/a><br \/>\nSite: <a href=\"http:\/\/www.riclan.com.br\">www.riclan.com.br<\/a><\/p>\n<\/div><\/div><\/div><\/div><\/div>\n<div id=\"pt-cv-gls-S\" class=\"pt-cv-gls-group\"><div class=\"pt-cv-gls-header\">S<\/div><div class=\"pt-cv-gls-content\"><div class=\"col-md-12 col-sm-12 col-xs-12 pt-cv-content-item pt-cv-1-col\"  data-pid=\"0\"><div class='pt-cv-ifield'><h4 class=\"pt-cv-title\"><a href=\"\" class=\"pt-cv-none cvplbd\" target=\"pt-cv-none\" rel=\"nofollow\">SUNNY BRINQUEDOS IMP. E EXP. LTDA.<\/a><\/h4>\n<div class=\"pt-cv-content\"><p>Alameda Bar\u00e3o de Piracicaba, 799 &#8211; Campos El\u00edseos<br \/>\n01216-012 \u2013 S\u00e3o Paulo, SP<br \/>\nFone: (11) 3333-5111<br \/>\nRepresentante: Marcelo C. Ankier &#8211; Gerente Geral<br \/>\nE-mail: <a href=\"marcelo@sunnybrinquedos.com.br\">marcelo@sunnybrinquedos.com.br<\/a><br \/>\nSite: <a href=\"http:\/\/www.sunnybrinquedos.com.br\">www.sunnybrinquedos.com.br<\/a><br \/>\nVarejista, Distribuidor, Importador<\/p>\n<\/div><\/div><\/div><\/div><\/div>\n<div id=\"pt-cv-gls-T\" class=\"pt-cv-gls-group\"><div class=\"pt-cv-gls-header\">T<\/div><div class=\"pt-cv-gls-content\"><div class=\"col-md-12 col-sm-12 col-xs-12 pt-cv-content-item pt-cv-1-col\"  data-pid=\"0\"><div class='pt-cv-ifield'><h4 class=\"pt-cv-title\"><a href=\"\" class=\"pt-cv-none cvplbd\" target=\"pt-cv-none\" rel=\"nofollow\">TOP CAU IND. E COM. DE CHOCOLATES LTDA.<\/a><\/h4>\n<div class=\"pt-cv-content\"><p>Rua Silva Teles, 821 \u2013 Bairro: Pari<br \/>\n03026-001 \u2013 S\u00e3o Paulo, SP<br \/>\nFone: (11) 2172-3522 \/ 3500 Fax: (11) 2172-3550<br \/>\nRepresentante: Alais Valentini Fonseca \u2013 Gerente de Mkt<br \/>\nE-mail: <a href=\"mailto:%20alais@topcau.com.br\">alais@topcau.com.br<\/a><br \/>\nSite: <a href=\"http:\/\/www.topcau.com.br\">www.topcau.com.br<\/a><\/p>\n<\/div><\/div><\/div><\/div><\/div>\n<div id=\"pt-cv-gls-X\" class=\"pt-cv-gls-group\"><div class=\"pt-cv-gls-header\">X<\/div><div class=\"pt-cv-gls-content\"><div class=\"col-md-12 col-sm-12 col-xs-12 pt-cv-content-item pt-cv-1-col\"  data-pid=\"0\"><div class='pt-cv-ifield'><h4 class=\"pt-cv-title\"><a href=\"\" class=\"pt-cv-none cvplbd\" target=\"pt-cv-none\" rel=\"nofollow\">XERYUS IMP. E DISTRIB. ART, VEST. LTDA.<\/a><\/h4>\n<div class=\"pt-cv-content\"><p>Rua Augusta, 2999 \u2013 Cerqueira Cesar<br \/>\n01413-100 \u2013 S\u00e3o Paulo, SP<br \/>\nFone: (11) 3323-3932<br \/>\nRepresentante: Jesica Andrea Salas \u2013 Diretora<br \/>\nE-mail: <a href=\"https:\/\/abral.org.br\/licenciados\/jesica@xeryus.com.br\">jesica@xeryus.com.br<\/a><br \/>\nImportador<\/p>\n<\/div><\/div><\/div><\/div><\/div>\n<div id=\"pt-cv-gls-Z\" class=\"pt-cv-gls-group\"><div class=\"pt-cv-gls-header\">Z<\/div><div class=\"pt-cv-gls-content\"><div class=\"col-md-12 col-sm-12 col-xs-12 pt-cv-content-item pt-cv-1-col\"  data-pid=\"0\"><div class='pt-cv-ifield'><h4 class=\"pt-cv-title\"><a href=\"\" class=\"pt-cv-none cvplbd\" target=\"pt-cv-none\" rel=\"nofollow\">ZIPPY TOYS \u2013 MIMO IMPORTA\u00c7\u00c3O E EXPORTA\u00c7\u00c3O LTDA.<\/a><\/h4>\n<div class=\"pt-cv-content\"><p>Av. Otaviano Alves de Lima, 109 \u2013 Casa Verde<br \/>\n02501-000 \u2013 S\u00e3o Paulo, SP<br \/>\nFone: (11) 3787-4400 \/ 4447<br \/>\nRepresentante: Rinaldo Izzo Neto \/ Hellen Machado<br \/>\nE-mail: <a href=\"rinaldo.izzo@zippytoys.com.br\">rinaldo.izzo@zippytoys.com.br<\/a> \/ <a href=\"https:\/\/abral.org.br\/licenciados\/hellen.moreno@mimostyle.com.br\">hellen.moreno@mimostyle.com.br<br \/>\n<\/a>Distribuidor, Importador, Licenciado.<\/p>\n<\/div><\/div><\/div><\/div><\/div><\/div><\/div><\/div>\t\t\t<style type=\"text\/css\" id=\"pt-cv-inline-style-f0f55b2ok3\">#pt-cv-view-00b3261w5g.pt-cv-post-border { margin: 0; border-top-width: 1px; border-left-width: 1px }\n#pt-cv-view-00b3261w5g.pt-cv-post-border { margin: 0; border-top-style: solid; border-left-style: solid }\n#pt-cv-view-00b3261w5g.pt-cv-post-border .pt-cv-content-item   { border-right-width: 1px; border-bottom-width: 1px; border-right-style: solid; border-bottom-style: solid; }\n#pt-cv-view-00b3261w5g .pt-cv-title a, #pt-cv-view-00b3261w5g  .panel-title { font-weight: 600 !important; }\n#pt-cv-view-00b3261w5g  .pt-cv-content-item:hover .pt-cv-hover-wrapper::before   { background-color: rgba(51,51,51,.6) !important; }\n#pt-cv-view-00b3261w5g:not(.pt-cv-nohover) .pt-cv-mask *   { color: #fff; }\n#pt-cv-view-00b3261w5g .pt-cv-carousel-caption  { background-color: rgba(51,51,51,.6) !important; }\n#pt-cv-view-00b3261w5g .pt-cv-specialp { background-color: #CC3333 !important }\n#pt-cv-view-00b3261w5g .pt-cv-specialp * { color: #fff !important; }\n#pt-cv-view-00b3261w5g .pt-cv-pficon  { color: #bbb !important; }\n#pt-cv-view-00b3261w5g  .add_to_cart_button, #pt-cv-view-00b3261w5g  .add_to_cart_button *   { color: #ffffff !important; background-color: #00aeef !important; }\n#pt-cv-view-00b3261w5g  .woocommerce-onsale   { color: #ffffff !important; background-color: #ff5a5f !important; }\n#pt-cv-view-00b3261w5g .pt-cv-readmore  { color: #ffffff !important; background-color: #00aeef !important; }\n#pt-cv-view-00b3261w5g .pt-cv-readmore:hover  { color: #ffffff !important; background-color: #00aeef !important; }\n#pt-cv-view-00b3261w5g  + .pt-cv-pagination-wrapper .pt-cv-more , #pt-cv-view-00b3261w5g  + .pt-cv-pagination-wrapper .pagination .active a { color: #ffffff !important; background-color: #00aeef !important; }\n[id^='pt-cv-filter-bar-00b3261w5g'] .active.pt-cv-filter-option, [id^='pt-cv-filter-bar-00b3261w5g'] .active .pt-cv-filter-option, [id^='pt-cv-filter-bar-00b3261w5g'] .selected.pt-cv-filter-option, [id^='pt-cv-filter-bar-00b3261w5g'] .dropdown-toggle   { color: #fff !important; background-color: #00aeef !important; }\n[id^='pt-cv-filter-bar-00b3261w5g'] .pt-cv-filter-title   { color: #fff !important; background-color: #00aeef !important; }\n#pt-cv-gls-00b3261w5g li a   { font-weight: 600 !important; }\n#pt-cv-gls-00b3261w5g li a.pt-active   { color: #fff !important; background-color: #93c123 !important; }\n#pt-cv-view-00b3261w5g .pt-cv-gls-header  { color: #000000 !important; background-color: #f7f7f7 !important; font-weight: 600 !important; }<\/style>\r\n\t\t\t[\/vc_column_text][\/vc_column][\/vc_row]<\/p>\n<\/div>","protected":false},"excerpt":{"rendered":"<p>[vc_row][vc_column][vc_column_text] LICENCIADOS [\/vc_column_text][vc_column_text][\/vc_column_text][\/vc_column][\/vc_row]<\/p>\n","protected":false},"author":3,"featured_media":0,"parent":0,"menu_order":0,"comment_status":"closed","ping_status":"closed","template":"","meta":{"_monsterinsights_skip_tracking":false,"_monsterinsights_sitenote_active":false,"_monsterinsights_sitenote_note":"","_monsterinsights_sitenote_category":0,"ocean_post_layout":"","ocean_both_sidebars_style":"","ocean_both_sidebars_content_width":0,"ocean_both_sidebars_sidebars_width":0,"ocean_sidebar":"","ocean_second_sidebar":"","ocean_disable_margins":"enable","ocean_add_body_class":"","ocean_shortcode_before_top_bar":"","ocean_shortcode_after_top_bar":"","ocean_shortcode_before_header":"","ocean_shortcode_after_header":"","ocean_has_shortcode":"","ocean_shortcode_after_title":"","ocean_shortcode_before_footer_widgets":"","ocean_shortcode_after_footer_widgets":"","ocean_shortcode_before_footer_bottom":"","ocean_shortcode_after_footer_bottom":"","ocean_display_top_bar":"default","ocean_display_header":"default","ocean_header_style":"","ocean_center_header_left_menu":"","ocean_custom_header_template":"","ocean_custom_logo":0,"ocean_custom_retina_logo":0,"ocean_custom_logo_max_width":0,"ocean_custom_logo_tablet_max_width":0,"ocean_custom_logo_mobile_max_width":0,"ocean_custom_logo_max_height":0,"ocean_custom_logo_tablet_max_height":0,"ocean_custom_logo_mobile_max_height":0,"ocean_header_custom_menu":"","ocean_menu_typo_font_family":"","ocean_menu_typo_font_subset":"","ocean_menu_typo_font_size":0,"ocean_menu_typo_font_size_tablet":0,"ocean_menu_typo_font_size_mobile":0,"ocean_menu_typo_font_size_unit":"px","ocean_menu_typo_font_weight":"","ocean_menu_typo_font_weight_tablet":"","ocean_menu_typo_font_weight_mobile":"","ocean_menu_typo_transform":"","ocean_menu_typo_transform_tablet":"","ocean_menu_typo_transform_mobile":"","ocean_menu_typo_line_height":0,"ocean_menu_typo_line_height_tablet":0,"ocean_menu_typo_line_height_mobile":0,"ocean_menu_typo_line_height_unit":"","ocean_menu_typo_spacing":0,"ocean_menu_typo_spacing_tablet":0,"ocean_menu_typo_spacing_mobile":0,"ocean_menu_typo_spacing_unit":"","ocean_menu_link_color":"","ocean_menu_link_color_hover":"","ocean_menu_link_color_active":"","ocean_menu_link_background":"","ocean_menu_link_hover_background":"","ocean_menu_link_active_background":"","ocean_menu_social_links_bg":"","ocean_menu_social_hover_links_bg":"","ocean_menu_social_links_color":"","ocean_menu_social_hover_links_color":"","ocean_disable_title":"default","ocean_disable_heading":"default","ocean_post_title":"","ocean_post_subheading":"","ocean_post_title_style":"","ocean_post_title_background_color":"","ocean_post_title_background":0,"ocean_post_title_bg_image_position":"","ocean_post_title_bg_image_attachment":"","ocean_post_title_bg_image_repeat":"","ocean_post_title_bg_image_size":"","ocean_post_title_height":0,"ocean_post_title_bg_overlay":0.5,"ocean_post_title_bg_overlay_color":"","ocean_disable_breadcrumbs":"default","ocean_breadcrumbs_color":"","ocean_breadcrumbs_separator_color":"","ocean_breadcrumbs_links_color":"","ocean_breadcrumbs_links_hover_color":"","ocean_display_footer_widgets":"default","ocean_display_footer_bottom":"default","ocean_custom_footer_template":"","footnotes":""},"class_list":["post-19941","page","type-page","status-publish","hentry","entry"],"aioseo_notices":[],"_links":{"self":[{"href":"https:\/\/abral.nhsinfo.com.br\/en\/wp-json\/wp\/v2\/pages\/19941","targetHints":{"allow":["GET"]}}],"collection":[{"href":"https:\/\/abral.nhsinfo.com.br\/en\/wp-json\/wp\/v2\/pages"}],"about":[{"href":"https:\/\/abral.nhsinfo.com.br\/en\/wp-json\/wp\/v2\/types\/page"}],"author":[{"embeddable":true,"href":"https:\/\/abral.nhsinfo.com.br\/en\/wp-json\/wp\/v2\/users\/3"}],"replies":[{"embeddable":true,"href":"https:\/\/abral.nhsinfo.com.br\/en\/wp-json\/wp\/v2\/comments?post=19941"}],"version-history":[{"count":2,"href":"https:\/\/abral.nhsinfo.com.br\/en\/wp-json\/wp\/v2\/pages\/19941\/revisions"}],"predecessor-version":[{"id":36427,"href":"https:\/\/abral.nhsinfo.com.br\/en\/wp-json\/wp\/v2\/pages\/19941\/revisions\/36427"}],"wp:attachment":[{"href":"https:\/\/abral.nhsinfo.com.br\/en\/wp-json\/wp\/v2\/media?parent=19941"}],"curies":[{"name":"wp","href":"https:\/\/api.w.org\/{rel}","templated":true}]}}