{"id":836,"date":"2021-01-01T00:38:37","date_gmt":"2021-01-01T03:38:37","guid":{"rendered":"http:\/\/abral.org.br\/?page_id=836"},"modified":"2024-11-04T11:19:13","modified_gmt":"2024-11-04T14:19:13","slug":"diretoria","status":"publish","type":"page","link":"https:\/\/abral.nhsinfo.com.br\/en\/diretoria\/","title":{"rendered":"Board"},"content":{"rendered":"<div class=\"wpb-content-wrapper\"><p>[vc_row][vc_column][vc_column_text]<\/p>\n<h1 style=\"text-align: center;\">ABRAL BOARD OF DIRECTORS<\/h1>\n<p>[\/vc_column_text][vc_column_text]<\/p>\n<h2>EXECUTIVE BOARD<\/h2>\n<p><strong>President<\/strong>: Marici Ferreira (EP Grupo Director)<\/p>\n<p><strong>1st Vice President<\/strong>: David Diesendruck (Redibra President)<\/p>\n<p><strong>2nd Vice President<\/strong>: Marcos Bandeira de Mello (diretor-geral de produtos de consumo da Warner Bros)<\/p>\n<p><strong>CFO<\/strong>: Vagner de Jesus Pinto (presidente da Festcolor)<\/p>\n<p><strong>Legal Director<\/strong>: Marcio Gon\u00e7alves (s\u00f3cio-propriet\u00e1rio da MG Advogados)<\/p>\n<p><strong>Legal Vice Director<\/strong>: Talita do Nascimento Sabatini Garcia (s\u00f3cia da IW Advogados)<\/p>\n<p><strong>Marketing Director<\/strong>: Germano Giorgio Brandino (Diretor de Marketing da Novabrink)<\/p>\n<p><strong>Marketing Vice Director<\/strong>: Victor Fonseca (VP Consumer Products Brasil, M\u00e9xico e Nola da Paramount)<\/p>\n<h2>ADVISORY BOARD<\/h2>\n<p>Counselor President: Rodrigo de Medeiros Paiva (diretor de licenciamento da MSP)<\/p>\n<p>Counselor Vice President: Erica Giacomelli (CEO da Tycoon 360)<\/p>\n<p>Counselor: Jos\u00e9 Henrique V. Werner (s\u00f3cio-propriet\u00e1rio da Danneman Adv.)<\/p>\n<p>Counselor: Marco Sabino (advogado s\u00f3cio da Mannrich e Vasconcelos Advogados)<\/p>\n<p>Counselor: Bruno Astolfi (gerente de marca e produto do Grupo Leonora)<\/p>\n<p>Counselor: Fernanda Abreu (VP de licenciamento da Endemol Shine Brasil)<\/p>\n<p>Counselor: M\u00f4nica Joseph (gerente comercial e de marketing da Sanrio Brasil)<\/p>\n<p>Counselor: Alais Fonseca (gerente de marketing da Top Cau)<\/p>\n<p>Counselor: Mara Ronchi (<span lang=\"EN-US\">Director, Disney Consumer Products Brazil)<\/span><\/p>\n<p>[\/vc_column_text][\/vc_column][\/vc_row]<\/p>\n<\/div>","protected":false},"excerpt":{"rendered":"<p>[vc_row][vc_column][vc_column_text] ABRAL BOARD OF DIRECTORS [\/vc_column_text][vc_column_text] EXECUTIVE BOARD President: Marici Ferreira (EP Grupo Director) 1st Vice President: David Diesendruck (Redibra President) 2nd Vice President: Marcos Bandeira de Mello (diretor-geral de produtos de consumo da Warner Bros) CFO: Vagner de Jesus Pinto (presidente da Festcolor) Legal Director: Marcio Gon\u00e7alves (s\u00f3cio-propriet\u00e1rio da MG Advogados) Legal Vice Director: [&hellip;]<\/p>\n","protected":false},"author":3,"featured_media":0,"parent":0,"menu_order":0,"comment_status":"closed","ping_status":"closed","template":"","meta":{"_monsterinsights_skip_tracking":false,"_monsterinsights_sitenote_active":false,"_monsterinsights_sitenote_note":"","_monsterinsights_sitenote_category":0,"ocean_post_layout":"","ocean_both_sidebars_style":"","ocean_both_sidebars_content_width":0,"ocean_both_sidebars_sidebars_width":0,"ocean_sidebar":"0","ocean_second_sidebar":"0","ocean_disable_margins":"enable","ocean_add_body_class":"","ocean_shortcode_before_top_bar":"","ocean_shortcode_after_top_bar":"","ocean_shortcode_before_header":"","ocean_shortcode_after_header":"","ocean_has_shortcode":"","ocean_shortcode_after_title":"","ocean_shortcode_before_footer_widgets":"","ocean_shortcode_after_footer_widgets":"","ocean_shortcode_before_footer_bottom":"","ocean_shortcode_after_footer_bottom":"","ocean_display_top_bar":"default","ocean_display_header":"default","ocean_header_style":"","ocean_center_header_left_menu":"0","ocean_custom_header_template":"0","ocean_custom_logo":0,"ocean_custom_retina_logo":0,"ocean_custom_logo_max_width":0,"ocean_custom_logo_tablet_max_width":0,"ocean_custom_logo_mobile_max_width":0,"ocean_custom_logo_max_height":0,"ocean_custom_logo_tablet_max_height":0,"ocean_custom_logo_mobile_max_height":0,"ocean_header_custom_menu":"0","ocean_menu_typo_font_family":"0","ocean_menu_typo_font_subset":"","ocean_menu_typo_font_size":0,"ocean_menu_typo_font_size_tablet":0,"ocean_menu_typo_font_size_mobile":0,"ocean_menu_typo_font_size_unit":"px","ocean_menu_typo_font_weight":"","ocean_menu_typo_font_weight_tablet":"","ocean_menu_typo_font_weight_mobile":"","ocean_menu_typo_transform":"","ocean_menu_typo_transform_tablet":"","ocean_menu_typo_transform_mobile":"","ocean_menu_typo_line_height":0,"ocean_menu_typo_line_height_tablet":0,"ocean_menu_typo_line_height_mobile":0,"ocean_menu_typo_line_height_unit":"","ocean_menu_typo_spacing":0,"ocean_menu_typo_spacing_tablet":0,"ocean_menu_typo_spacing_mobile":0,"ocean_menu_typo_spacing_unit":"","ocean_menu_link_color":"","ocean_menu_link_color_hover":"","ocean_menu_link_color_active":"","ocean_menu_link_background":"","ocean_menu_link_hover_background":"","ocean_menu_link_active_background":"","ocean_menu_social_links_bg":"","ocean_menu_social_hover_links_bg":"","ocean_menu_social_links_color":"","ocean_menu_social_hover_links_color":"","ocean_disable_title":"default","ocean_disable_heading":"default","ocean_post_title":"","ocean_post_subheading":"","ocean_post_title_style":"","ocean_post_title_background_color":"","ocean_post_title_background":0,"ocean_post_title_bg_image_position":"","ocean_post_title_bg_image_attachment":"","ocean_post_title_bg_image_repeat":"","ocean_post_title_bg_image_size":"","ocean_post_title_height":0,"ocean_post_title_bg_overlay":0.5,"ocean_post_title_bg_overlay_color":"","ocean_disable_breadcrumbs":"default","ocean_breadcrumbs_color":"","ocean_breadcrumbs_separator_color":"","ocean_breadcrumbs_links_color":"","ocean_breadcrumbs_links_hover_color":"","ocean_display_footer_widgets":"default","ocean_display_footer_bottom":"default","ocean_custom_footer_template":"0","footnotes":""},"class_list":["post-836","page","type-page","status-publish","hentry","entry"],"aioseo_notices":[],"_links":{"self":[{"href":"https:\/\/abral.nhsinfo.com.br\/en\/wp-json\/wp\/v2\/pages\/836","targetHints":{"allow":["GET"]}}],"collection":[{"href":"https:\/\/abral.nhsinfo.com.br\/en\/wp-json\/wp\/v2\/pages"}],"about":[{"href":"https:\/\/abral.nhsinfo.com.br\/en\/wp-json\/wp\/v2\/types\/page"}],"author":[{"embeddable":true,"href":"https:\/\/abral.nhsinfo.com.br\/en\/wp-json\/wp\/v2\/users\/3"}],"replies":[{"embeddable":true,"href":"https:\/\/abral.nhsinfo.com.br\/en\/wp-json\/wp\/v2\/comments?post=836"}],"version-history":[{"count":20,"href":"https:\/\/abral.nhsinfo.com.br\/en\/wp-json\/wp\/v2\/pages\/836\/revisions"}],"predecessor-version":[{"id":49273,"href":"https:\/\/abral.nhsinfo.com.br\/en\/wp-json\/wp\/v2\/pages\/836\/revisions\/49273"}],"wp:attachment":[{"href":"https:\/\/abral.nhsinfo.com.br\/en\/wp-json\/wp\/v2\/media?parent=836"}],"curies":[{"name":"wp","href":"https:\/\/api.w.org\/{rel}","templated":true}]}}