{"id":857,"date":"2018-11-01T00:45:51","date_gmt":"2018-11-01T03:45:51","guid":{"rendered":"http:\/\/abral.org.br\/?page_id=857"},"modified":"2021-12-16T20:10:14","modified_gmt":"2021-12-16T23:10:14","slug":"prestadores-servico","status":"publish","type":"page","link":"https:\/\/abral.nhsinfo.com.br\/en\/prestadores-servico\/","title":{"rendered":"Service Providers"},"content":{"rendered":"<div class=\"wpb-content-wrapper\"><p>[vc_row][vc_column][vc_column_text]<\/p>\n<h1 style=\"text-align: center;\">SERVICE PROVIDERS<\/h1>\n<p>[\/vc_column_text][vc_column_text]<strong>BOSSA NOVA FILMS CRIA\u00c7\u00d5ES E PRODU\u00c7\u00d5ES S.A.<br \/>\n<\/strong>Rua Tr\u00eas Andradas, 567 &#8211; Jardim Piratininga<br \/>\n06230-050 \u2013 Osasco, SP<br \/>\nFone: (11) 3811-2000<br \/>\nRepresentante: Eduardo Tibiri\u00e7a Machado &#8211; CEO<br \/>\nE-mail:<u><a href=\"http:\/\/%20edu@bossanovafilms.com.br\"> edu@bossanovafilms.com.br<\/a><\/u><br \/>\nSite: <u><a href=\"http:\/\/www.bossanovafilms.com.br\">www.bossanovafilms.com.br<\/a><\/u><br \/>\nProdutora Audiovisual<\/p>\n<p><strong>CREAZIONE MARCAS E PATENTES LTDA. <\/strong><br \/>\nRua Parna\u00edba, 847 &#8211; S\u00e3o Bento<br \/>\n95700-000 \u2013 Bento Gon\u00e7alves, RS<br \/>\nFone: (54) 3453-7493<br \/>\nRepresentante: Guilherme Spiller &#8211; Advogado<br \/>\nE-mail: <u><a href=\"mailto:%20guilherme@creazionemarcas.com.br\">guilherme@creazionemarcas.com.br<\/a><\/u><br \/>\nSite: <u><a href=\"http:\/\/www.creazionemarcas.com.br\">www.creazionemarcas.com.br<\/a><\/u><br \/>\nEscrit\u00f3rio de Marcas, Patentes, Franchising e Licenciamento.<\/p>\n<p><strong>DANIEL ADVOGADOS\u00a0<\/strong><br \/>\nAvenida Rep\u00fablica do Chile, 230 &#8211; 3\u00ba andar &#8211; Centro<br \/>\n20031-170 \u2013 Rio de Janeiro, RJ<br \/>\nFone: (21) 2102-4402 \/ 4430<br \/>\nRepresentante: Hannah Fernandes &#8211; S\u00f3cia<br \/>\nE-mail:\u00a0<u><a href=\"mailto:%20hannah.fernandes@daniel-ip.com\">hannah.fernandes@daniel-ip.com<\/a><\/u><br \/>\nSite:\u00a0<u><a href=\"http:\/\/www.daniel-ip.com\">www.daniel-ip.com<\/a><\/u><br \/>\nEscrit\u00f3rio de Advogados especializado em Propriedade Intelectual<\/p>\n<p><strong>DANNEMANN SIEMSEN ADVOGADOS <\/strong><br \/>\nRua Marques de Olinda, 70 \u2013 Parte &#8211; Botafogo<br \/>\n22251-040 \u2013 Rio de Janeiro, RJ<br \/>\nFone: (21) 2237-8700<br \/>\nRepresentante: Jos\u00e9 Henrique Vasi Werner &#8211; S\u00f3cio<br \/>\nE-mail: <u><a href=\"mailto:%20jhwerner@dannemann.com.br\">jhwerner@dannemann.com.br<\/a><\/u><br \/>\nSite: <u><a href=\"http:\/\/www.dannemann.com.br\">www.dannemann.com.br<\/a><\/u><br \/>\nEscrit\u00f3rio de Advogados<\/p>\n<p><strong>DESIGNORAMA DESIGN ESTRAT\u00c9GICO<\/strong><br \/>\nAvenida Paulista, 1.741 &#8211; cj. 318<br \/>\n01311-200 \u2013 S\u00e3o Paulo, SP<br \/>\nFone: (11) 3151-3010<br \/>\nRepresentante: Marcos Guimar\u00e3es e Eduardo Meuer &#8211; S\u00f3cios-diretores<br \/>\nE-mail: <u><a href=\"contato@designorama.com.br%20\">contato@designorama.com.br\u00a0<\/a><\/u><br \/>\nSite:\u00a0<u><a href=\"http:\/\/www.designorama.com.br\">www.designorama.com.br<\/a><\/u><br \/>\nAg\u00eancia de cria\u00e7\u00e3o<\/p>\n<p><strong>EP GRUPO <\/strong><br \/>\nAv. Rouxinol, 1.041 &#8211; Conj. 1109 &#8211; Moema<br \/>\n04516-001 \u2013 S\u00e3o Paulo, SP<br \/>\nFone: (11) 5092-5588 \/ Cel. (11) 99165-9504<br \/>\nRepresentante: Marici Rosana Ferreira<br \/>\nE-mail: <u><a href=\"mailto:%20marici@epgrupo.com.br\">marici@epgrupo.com.br<\/a><\/u><br \/>\nSite: www.epgrupo.com.br<\/p>\n<p><strong>KASZNAR LEONARDOS ADVOGADOS <\/strong><br \/>\nAv. Nove de Julho, 3.147 &#8211; 7\u00ba andar &#8211; Jardim Paulista<br \/>\n01407-000\u2013 S\u00e3o Paulo, SP<br \/>\nFone: (11) 2122-6600<br \/>\nRepresentante: Claudio Roberto Barbosa (Advogado S\u00f3cio) \/ Luciana Yumi Hiane Minada (Advogada Associada)<br \/>\nE-mail: <u><a href=\"mailto:dsdias@kpmg.com.br\">claudio.barbosa@kasznarleonardos.com<\/a><\/u> \/ <u><a href=\"mailto:%20knishiyama@kpmg.com.br\">luciana.minada@kasznarleonardos.com<\/a><\/u><br \/>\nSite: <u><a href=\"http:\/\/www.kpmg.com\/BR\/PT\/Paginas\/default.aspx\">www.kasznarleonardos.com<\/a><\/u><br \/>\nServi\u00e7os Jur\u00eddico<\/p>\n<p><strong>MANNRICH E VASCONCELOS ADVOGADOS\u00a0<\/strong><br \/>\nAvenida Paulista, 1.776 &#8211; 23\u00ba andar &#8211; Bela Vista<br \/>\n01310-200 \u2013 S\u00e3o Paulo, SP<br \/>\nFone: (11) 3737-7777<br \/>\nRepresentante: Marco Antonio da Costa Sabino &#8211; S\u00f3cio<br \/>\nE-mail:\u00a0<u><a href=\"mailto:%20marcosabino@mannrichvasconcelos.com.br\">marcosabino@mannrichvasconcelos.com.br<\/a><\/u><br \/>\nSite:\u00a0<u><a href=\"http:\/\/www.mannrichvasconcelos.com.br\">www.mannrichvasconcelos.com.br<\/a><\/u><br \/>\nEscrit\u00f3rio de advocacia<\/p>\n<p><strong>MASSFAR REALIDADE AUMENTADA E VIRTUAL \/ MASSFAR TECNOLOGIA EIRELI EPP\u00a0<\/strong><br \/>\nAv. Coronel Fernando Ferreira Leite, 1.520 &#8211; Sala 1.803 &#8211; Jardim Calif\u00f3rnia<br \/>\n14026-020\u2013 Ribeir\u00e3o Preto, SP<br \/>\nFone: (16) 3102-7822 \/ (16) 99769-5103 &#8211; Centro Profissional Ribeir\u00e3o Shopping<br \/>\nRepresentante: Mario Sergio S. Faria (CEO &#8211; Fundador)<br \/>\nE-mail: <u><a href=\"mario@massfar.com%20\">mario@massfar.com <\/a><\/u>\/ <u><a href=\"henry@massfar.com\">henry@massfar.com<\/a><\/u><br \/>\nSite: <u><a href=\"www.massfar.com\">www.massfar.com<\/a><\/u><br \/>\nDesenvolvedores de Tecnologia de Realidade Aumentada. A Massfar \u00e9 a parceira licenciada Zappar para operar comercialmente com a plataforma no Brasil e em Portugal. J\u00e1 s\u00e3o quase 10 anos de experi\u00eancia no estudo e desenvolvimento de Conte\u00fado para Realidade Aumentada. Com cases de sucesso para diversos segmentos do mercado, a Massfar \u00e9 especialista em transformar produtos, campanhas e ideias em experi\u00eancias interativas, que geram engajamento, m\u00eddia espont\u00e2nea e retorno financeiro.<\/p>\n<p><strong>PEDUTI MARCAS E PATENTES\u00a0<\/strong><br \/>\nRua Urussu\u00ed, 71 &#8211; 3 andar \u2013 Itaim Bibi<br \/>\n04542-050 \u2013 S\u00e3o Paulo, SP<br \/>\nFone: (11) 3079-1242 \/ Cel. (11) 94334-4333<br \/>\nRepresentante: Cesar Peduti Neto &#8211; Diretor<br \/>\nE-mail: <u><a href=\"mailto:%20cesar@pedutimarcas.com.br\">cesar@pedutimarcas.com.br<\/a><\/u><br \/>\nSite: <u><a href=\"http:\/\/www.pedutimarcas.com.br\">www.pedutimarcas.com.br<\/a><\/u><br \/>\nEscrit\u00f3rio especializado em propriedade intelectual (marcas, patentes, direitos autorais), que conta com mais de 35 anos de tradi\u00e7\u00e3o no \u00e2mbito nacional e internacional.<\/p>\n<p><strong>PLAY PESQUISA E CONTE\u00daDO INTELIGENTE LTDA. <\/strong><br \/>\nRua Queiroz Filho, 1700 &#8211; Bloco E &#8211; sala 913 &#8211; 9\u00ba andar &#8211; Vila Hamburguesa<br \/>\n05319-000 \u2013 S\u00e3o Paulo, SP<br \/>\nFone: (11) 2308-4372<br \/>\nRepresentante: Aur\u00e9lia Rose Picoli &#8211; Diretora<br \/>\nE-mail: <u><a href=\"mailto:%20aurelia@letsplay.com.br%20\">aurelia@letsplay.com.br <\/a><\/u><br \/>\nSite: <u><a href=\"http:\/\/www.letsplay.com.br\">www.letsplay.com.br<\/a><\/u><br \/>\nAg\u00eancia de Pesquisa e Consultoria.<\/p>\n<p><strong>SANTA CRUZ MARKETING &#8211; SANTA CRUZ CONSULTORIA E LICENCIAMENTO DE BENS E SERVI\u00c7OS LTDA. <\/strong><br \/>\nCal\u00e7ada dos Antares, 171 &#8211; Alphaville<br \/>\n06541-065 \u2013 Santana do Parna\u00edba, SP<br \/>\nFone: (11) 5505-2325 \/ (11) 9 8272-6155<br \/>\nRepresentante: Marcus Macedo &#8211; Diretor<br \/>\nE-mail:<u><a href=\"http:\/\/%20marcus@santacruzmarketing.com.br\"> marcus@santacruzmarketing.com.br<\/a><\/u><br \/>\nSite: <u>www.santacruzmarketing.com.br <\/u><br \/>\nConsultoria em Lienciamento e Marketing<\/p>\n<p><strong>SCORE GROUP &#8211; GLOBAL PRODUCTS SOLUTIONS LATIN AMERICA IND. E COM. S.A. <\/strong><br \/>\nAvenida Presidente Juscelino Kubitschek, 1327 &#8211; 19\u00ba andar &#8211; Vila Nova Concei\u00e7\u00e3o<br \/>\n04543-011 \u2013 S\u00e3o Paulo, SP<br \/>\nFone: (11) 3848-1733<br \/>\nRepresentante: Genival Pereira de Brito Jr. &#8211; CEO<br \/>\nE-mail:<u><a href=\"brittojr@scoregroup.com.br\"> brittojr@scoregroup.com.br<\/a><\/u><br \/>\nSite: <u><a href=\"http:\/\/brittojr@scoregroup.com.br\">www.scoregroup.com.br <\/a><\/u><br \/>\nAg\u00eancia de Cria\u00e7\u00e3o<\/p>\n<p><strong>SIQUEIRA CASTRO &#8211; ADVOGADOS<\/strong><br \/>\nRua Tabapu\u00e3, 81 \u2013 4\u00ba andar \u2013 Itaim Bibi<br \/>\n04533-010 \u2013 S\u00e3o Paulo, SP<br \/>\nFone\/Fax: (11) 3704-9840<br \/>\nRepresentante: M\u00e1rcio Costa de Menezes e Gon\u00e7alves \u2013 S\u00f3cio e Coordenador do Setor de Propriedade Intelectual<br \/>\nE-mail: <u><a href=\"mailto:%20mcmg@siqueiracastro.com.br\">mcmg@siqueiracastro.com.br<\/a><\/u><br \/>\nSite: <u><a href=\"http:\/\/www.siqueiracastro.com.br\">www.siqueiracastro.com.br <\/a><\/u>Prestador de Servi\u00e7o \u2013 Escrit\u00f3rio de Advocacia.<\/p>\n<p><strong>STARR SISTEMAS E TECNOLOGIAS DE AUTENTICA\u00c7\u00c3O E RASTREIO LTDA.<\/strong><br \/>\nRua Des Joaquim Celidonio, 33 &#8211; Sala 02 &#8211; Jardim Paulistano<br \/>\n01443-060 \u2013 S\u00e3o Paulo, SP<br \/>\nFone: (11) 3207-5800\/ 5657 \/ (11) 7851-4706<br \/>\nRepresentante: Robert Seadon &#8211; Diretor<br \/>\nE-mail: <u><a href=\"mailto:%20rseadon@starr.com.br\">rseadon@starr.com.br<\/a><\/u> \/ <u><a href=\"mailto:%20bianca@starr.com.br\">bianca@starr.com.br<\/a><\/u><br \/>\nSite: <u><a href=\"http:\/\/www.starr.com.br\">www.starr.com.br<\/a><\/u> Prestador de Servi\u00e7o \u2013 empresa que oferece solu\u00e7\u00f5es completas de seguran\u00e7a destinadas \u00e0 autentica\u00e7\u00e3o, garantia de proced\u00eancia, rastreio e controle de fabrica\u00e7\u00e3o de produtos licenciados, visando a garantia dos royalties dos licenciados.[\/vc_column_text][\/vc_column][\/vc_row]<\/p>\n<\/div>","protected":false},"excerpt":{"rendered":"<p>[vc_row][vc_column][vc_column_text] SERVICE PROVIDERS [\/vc_column_text][vc_column_text]BOSSA NOVA FILMS CRIA\u00c7\u00d5ES E PRODU\u00c7\u00d5ES S.A. Rua Tr\u00eas Andradas, 567 &#8211; Jardim Piratininga 06230-050 \u2013 Osasco, SP Fone: (11) 3811-2000 Representante: Eduardo Tibiri\u00e7a Machado &#8211; CEO E-mail: edu@bossanovafilms.com.br Site: www.bossanovafilms.com.br Produtora Audiovisual CREAZIONE MARCAS E PATENTES LTDA. Rua Parna\u00edba, 847 &#8211; S\u00e3o Bento 95700-000 \u2013 Bento Gon\u00e7alves, RS Fone: (54) 3453-7493 [&hellip;]<\/p>\n","protected":false},"author":3,"featured_media":0,"parent":0,"menu_order":0,"comment_status":"closed","ping_status":"closed","template":"","meta":{"_monsterinsights_skip_tracking":false,"_monsterinsights_sitenote_active":false,"_monsterinsights_sitenote_note":"","_monsterinsights_sitenote_category":0,"ocean_post_layout":"","ocean_both_sidebars_style":"","ocean_both_sidebars_content_width":0,"ocean_both_sidebars_sidebars_width":0,"ocean_sidebar":"","ocean_second_sidebar":"","ocean_disable_margins":"enable","ocean_add_body_class":"","ocean_shortcode_before_top_bar":"","ocean_shortcode_after_top_bar":"","ocean_shortcode_before_header":"","ocean_shortcode_after_header":"","ocean_has_shortcode":"","ocean_shortcode_after_title":"","ocean_shortcode_before_footer_widgets":"","ocean_shortcode_after_footer_widgets":"","ocean_shortcode_before_footer_bottom":"","ocean_shortcode_after_footer_bottom":"","ocean_display_top_bar":"default","ocean_display_header":"default","ocean_header_style":"","ocean_center_header_left_menu":"","ocean_custom_header_template":"","ocean_custom_logo":0,"ocean_custom_retina_logo":0,"ocean_custom_logo_max_width":0,"ocean_custom_logo_tablet_max_width":0,"ocean_custom_logo_mobile_max_width":0,"ocean_custom_logo_max_height":0,"ocean_custom_logo_tablet_max_height":0,"ocean_custom_logo_mobile_max_height":0,"ocean_header_custom_menu":"","ocean_menu_typo_font_family":"","ocean_menu_typo_font_subset":"","ocean_menu_typo_font_size":0,"ocean_menu_typo_font_size_tablet":0,"ocean_menu_typo_font_size_mobile":0,"ocean_menu_typo_font_size_unit":"px","ocean_menu_typo_font_weight":"","ocean_menu_typo_font_weight_tablet":"","ocean_menu_typo_font_weight_mobile":"","ocean_menu_typo_transform":"","ocean_menu_typo_transform_tablet":"","ocean_menu_typo_transform_mobile":"","ocean_menu_typo_line_height":0,"ocean_menu_typo_line_height_tablet":0,"ocean_menu_typo_line_height_mobile":0,"ocean_menu_typo_line_height_unit":"","ocean_menu_typo_spacing":0,"ocean_menu_typo_spacing_tablet":0,"ocean_menu_typo_spacing_mobile":0,"ocean_menu_typo_spacing_unit":"","ocean_menu_link_color":"","ocean_menu_link_color_hover":"","ocean_menu_link_color_active":"","ocean_menu_link_background":"","ocean_menu_link_hover_background":"","ocean_menu_link_active_background":"","ocean_menu_social_links_bg":"","ocean_menu_social_hover_links_bg":"","ocean_menu_social_links_color":"","ocean_menu_social_hover_links_color":"","ocean_disable_title":"default","ocean_disable_heading":"default","ocean_post_title":"","ocean_post_subheading":"","ocean_post_title_style":"","ocean_post_title_background_color":"","ocean_post_title_background":0,"ocean_post_title_bg_image_position":"","ocean_post_title_bg_image_attachment":"","ocean_post_title_bg_image_repeat":"","ocean_post_title_bg_image_size":"","ocean_post_title_height":0,"ocean_post_title_bg_overlay":0.5,"ocean_post_title_bg_overlay_color":"","ocean_disable_breadcrumbs":"default","ocean_breadcrumbs_color":"","ocean_breadcrumbs_separator_color":"","ocean_breadcrumbs_links_color":"","ocean_breadcrumbs_links_hover_color":"","ocean_display_footer_widgets":"default","ocean_display_footer_bottom":"default","ocean_custom_footer_template":"","footnotes":""},"class_list":["post-857","page","type-page","status-publish","hentry","entry"],"aioseo_notices":[],"_links":{"self":[{"href":"https:\/\/abral.nhsinfo.com.br\/en\/wp-json\/wp\/v2\/pages\/857","targetHints":{"allow":["GET"]}}],"collection":[{"href":"https:\/\/abral.nhsinfo.com.br\/en\/wp-json\/wp\/v2\/pages"}],"about":[{"href":"https:\/\/abral.nhsinfo.com.br\/en\/wp-json\/wp\/v2\/types\/page"}],"author":[{"embeddable":true,"href":"https:\/\/abral.nhsinfo.com.br\/en\/wp-json\/wp\/v2\/users\/3"}],"replies":[{"embeddable":true,"href":"https:\/\/abral.nhsinfo.com.br\/en\/wp-json\/wp\/v2\/comments?post=857"}],"version-history":[{"count":1,"href":"https:\/\/abral.nhsinfo.com.br\/en\/wp-json\/wp\/v2\/pages\/857\/revisions"}],"predecessor-version":[{"id":36415,"href":"https:\/\/abral.nhsinfo.com.br\/en\/wp-json\/wp\/v2\/pages\/857\/revisions\/36415"}],"wp:attachment":[{"href":"https:\/\/abral.nhsinfo.com.br\/en\/wp-json\/wp\/v2\/media?parent=857"}],"curies":[{"name":"wp","href":"https:\/\/api.w.org\/{rel}","templated":true}]}}